{"id":645,"date":"2018-05-25T11:54:03","date_gmt":"2018-05-25T11:54:03","guid":{"rendered":"https:\/\/expertglass.ro\/it\/?page_id=645"},"modified":"2023-12-24T05:26:41","modified_gmt":"2023-12-24T04:26:41","slug":"politica-sui-cookie","status":"publish","type":"page","link":"https:\/\/expertglass.ro\/it\/politica-sui-cookie\/","title":{"rendered":"Politica sui cookie"},"content":{"rendered":"<p>[vc_row][vc_column][vc_custom_heading text=&#8221;Politica sui cookie&#8221; font_container=&#8221;tag:h1|text_align:left&#8221; use_theme_fonts=&#8221;yes&#8221;][vc_empty_space][\/vc_column][\/vc_row][vc_row][vc_column][vc_column_text]<\/p>\n<p class=\"CookieDeclarationDialogText\">Questo testo informa gli utenti che il sito utilizza i cookie per personalizzare i contenuti e gli annunci, fornire funzioni di reti sociali e analizzare il traffico. Inoltre, sottolinea che le informazioni possono essere condivise con partner delle reti sociali, pubblicitari e analitici.<\/p>\n<p>Il testo evidenzia che, secondo la legge, il sito pu\u00f2 archiviare cookie sul dispositivo dell&#8217;utente se sono strettamente necessari per il funzionamento del sito, ma per altri tipi di cookie \u00e8 necessario il consenso dell&#8217;utente.<\/p>\n<p>Gli utenti possono modificare o revocare il consenso in qualsiasi momento dalla Dichiarazione sui cookie sul sito web. Vengono fornite anche informazioni sugli operatori del sito, su come contattarli e su come vengono elaborati i dati personali nella Politica sulla privacy.<\/p>\n<p>Se gli utenti desiderano mettersi in contatto riguardo al loro consenso, sono invitati a fornire l&#8217;ID e la data in cui \u00e8 stato dato il consenso. Il consenso dell&#8217;utente si applica al dominio expertglass.ro\/it.<\/p>\n<p class=\"CookieDeclarationLastUpdated\">La dichiarazione sui cookie \u00e8 stata aggiornata l&#8217;ultima volta il 21 agosto 2023 da \u00a0<a title=\"Cookiebot\" href=\"https:\/\/www.cookiebot.com\/\" target=\"_blank\" rel=\"noopener\">Cookiebot<\/a>:<\/p>\n<div class=\"CookieDeclarationType\" dir=\"ltr\" lang=\"ro\">\n<p class=\"CookieDeclarationTypeHeader\">Questa parte del testo riguarda i cookie &#8220;necessari&#8221;, spiegando che questi cookie sono essenziali per rendere un sito utilizzabile, attivando funzioni di base come la navigazione tra le pagine e l&#8217;accesso alle aree sicure del sito. Si afferma che il sito non pu\u00f2 funzionare correttamente senza questi cookie.<\/p>\n<table class=\"CookieDeclarationTable\">\n<colgroup>\n<col \/>\n<col \/>\n<col \/>\n<col \/>\n<col \/><\/colgroup>\n<thead>\n<tr>\n<th class=\"CookieDeclarationTableHeader\" dir=\"ltr\" scope=\"col\">Nome<\/th>\n<th class=\"CookieDeclarationTableHeader\" dir=\"ltr\" scope=\"col\">Fornitore<\/th>\n<th class=\"CookieDeclarationTableHeader\" dir=\"ltr\" scope=\"col\">Scopo<\/th>\n<th class=\"CookieDeclarationTableHeader\" dir=\"ltr\" scope=\"col\">Scadenza<\/th>\n<th class=\"CookieDeclarationTableHeader\" dir=\"ltr\" scope=\"col\">Tipo<\/th>\n<\/tr>\n<\/thead>\n<tbody>\n<tr>\n<td class=\"CookieDeclarationTableCell\">CONSENT<\/td>\n<td class=\"CookieDeclarationTableCell\"><a title=\"Politica de confiden\u021bialitate a YouTube\" href=\"https:\/\/policies.google.com\/privacy\" target=\"_blank\" rel=\"noopener noreferrer nofollow\">YouTube<\/a><\/td>\n<td class=\"CookieDeclarationTableCell\">Used to detect if the visitor has accepted the marketing category in the cookie banner. This cookie is necessary for GDPR-compliance of the website.<\/td>\n<td class=\"CookieDeclarationTableCell\">2 ani<\/td>\n<td class=\"CookieDeclarationTableCell\">HTTP Cookie<\/td>\n<\/tr>\n<tr>\n<td class=\"CookieDeclarationTableCell\">CookieConsent<\/td>\n<td class=\"CookieDeclarationTableCell\">expertglass.ro\/it<\/td>\n<td class=\"CookieDeclarationTableCell\">Stores the user&#8217;s cookie consent state for the current domain<\/td>\n<td class=\"CookieDeclarationTableCell\">1 an<\/td>\n<td class=\"CookieDeclarationTableCell\">HTTP Cookie<\/td>\n<\/tr>\n<tr>\n<td class=\"CookieDeclarationTableCell\">wordpress_test_cookie<\/td>\n<td class=\"CookieDeclarationTableCell\">expertglass.ro\/it<\/td>\n<td class=\"CookieDeclarationTableCell\">Used to check if the user&#8217;s browser supports cookies.<\/td>\n<td class=\"CookieDeclarationTableCell\">Session<\/td>\n<td class=\"CookieDeclarationTableCell\">HTTP Cookie<\/td>\n<\/tr>\n<\/tbody>\n<\/table>\n<\/div>\n<div class=\"CookieDeclarationType\" dir=\"ltr\" lang=\"ro\">\n<p class=\"CookieDeclarationTypeHeader\">Marketing (20)<\/p>\n<p class=\"CookieDeclarationTypeDescription\">I cookie di marketing sono utilizzati per tracciare gli utenti da un sito all&#8217;altro. L&#8217;intenzione \u00e8 quella di mostrare annunci pertinenti e accattivanti per gli utenti individuali, quindi sono pi\u00f9 preziosi per le agenzie pubblicitarie e le terze parti che gestiscono la pubblicit\u00e0.<\/p>\n<table class=\"CookieDeclarationTable\">\n<colgroup>\n<col \/>\n<col \/>\n<col \/>\n<col \/>\n<col \/><\/colgroup>\n<thead>\n<tr>\n<th class=\"CookieDeclarationTableHeader\" dir=\"ltr\" scope=\"col\">Nome<\/th>\n<th class=\"CookieDeclarationTableHeader\" dir=\"ltr\" scope=\"col\">Fornitore<\/th>\n<th class=\"CookieDeclarationTableHeader\" dir=\"ltr\" scope=\"col\">Scopo<\/th>\n<th class=\"CookieDeclarationTableHeader\" dir=\"ltr\" scope=\"col\">Scadenza<\/th>\n<th class=\"CookieDeclarationTableHeader\" dir=\"ltr\" scope=\"col\">Tipo<\/th>\n<\/tr>\n<\/thead>\n<tbody>\n<tr>\n<td class=\"CookieDeclarationTableCell\">LAST_RESULT_ENTRY_KEY<\/td>\n<td class=\"CookieDeclarationTableCell\"><a title=\"Politica de confiden\u021bialitate a YouTube\" href=\"https:\/\/policies.google.com\/privacy\" target=\"_blank\" rel=\"noopener noreferrer nofollow\">YouTube<\/a><\/td>\n<td class=\"CookieDeclarationTableCell\">Used to track user\u2019s interaction with embedded content.<\/td>\n<td class=\"CookieDeclarationTableCell\">Session<\/td>\n<td class=\"CookieDeclarationTableCell\">HTTP Cookie<\/td>\n<\/tr>\n<tr>\n<td class=\"CookieDeclarationTableCell\">LogsDatabaseV2:V#||LogsRequestsStore<\/td>\n<td class=\"CookieDeclarationTableCell\"><a title=\"Politica de confiden\u021bialitate a YouTube\" href=\"https:\/\/policies.google.com\/privacy\" target=\"_blank\" rel=\"noopener noreferrer nofollow\">YouTube<\/a><\/td>\n<td class=\"CookieDeclarationTableCell\">\u00cen a\u0219teptare<\/td>\n<td class=\"CookieDeclarationTableCell\">Persistent<\/td>\n<td class=\"CookieDeclarationTableCell\">IndexedDB<\/td>\n<\/tr>\n<tr>\n<td class=\"CookieDeclarationTableCell\">nextId<\/td>\n<td class=\"CookieDeclarationTableCell\"><a title=\"Politica de confiden\u021bialitate a YouTube\" href=\"https:\/\/policies.google.com\/privacy\" target=\"_blank\" rel=\"noopener noreferrer nofollow\">YouTube<\/a><\/td>\n<td class=\"CookieDeclarationTableCell\">Used to track user\u2019s interaction with embedded content.<\/td>\n<td class=\"CookieDeclarationTableCell\">Session<\/td>\n<td class=\"CookieDeclarationTableCell\">HTTP Cookie<\/td>\n<\/tr>\n<tr>\n<td class=\"CookieDeclarationTableCell\">remote_sid<\/td>\n<td class=\"CookieDeclarationTableCell\"><a title=\"Politica de confiden\u021bialitate a YouTube\" href=\"https:\/\/policies.google.com\/privacy\" target=\"_blank\" rel=\"noopener noreferrer nofollow\">YouTube<\/a><\/td>\n<td class=\"CookieDeclarationTableCell\">Necessary for the implementation and functionality of YouTube video-content on the website.<\/td>\n<td class=\"CookieDeclarationTableCell\">Session<\/td>\n<td class=\"CookieDeclarationTableCell\">HTTP Cookie<\/td>\n<\/tr>\n<tr>\n<td class=\"CookieDeclarationTableCell\">requests<\/td>\n<td class=\"CookieDeclarationTableCell\"><a title=\"Politica de confiden\u021bialitate a YouTube\" href=\"https:\/\/policies.google.com\/privacy\" target=\"_blank\" rel=\"noopener noreferrer nofollow\">YouTube<\/a><\/td>\n<td class=\"CookieDeclarationTableCell\">Used to track user\u2019s interaction with embedded content.<\/td>\n<td class=\"CookieDeclarationTableCell\">Session<\/td>\n<td class=\"CookieDeclarationTableCell\">HTTP Cookie<\/td>\n<\/tr>\n<tr>\n<td class=\"CookieDeclarationTableCell\">ServiceWorkerLogsDatabase#SWHealthLog<\/td>\n<td class=\"CookieDeclarationTableCell\"><a title=\"Politica de confiden\u021bialitate a YouTube\" href=\"https:\/\/policies.google.com\/privacy\" target=\"_blank\" rel=\"noopener noreferrer nofollow\">YouTube<\/a><\/td>\n<td class=\"CookieDeclarationTableCell\">Necessary for the implementation and functionality of YouTube video-content on the website.<\/td>\n<td class=\"CookieDeclarationTableCell\">Persistent<\/td>\n<td class=\"CookieDeclarationTableCell\">IndexedDB<\/td>\n<\/tr>\n<tr>\n<td class=\"CookieDeclarationTableCell\">TESTCOOKIESENABLED<\/td>\n<td class=\"CookieDeclarationTableCell\"><a title=\"Politica de confiden\u021bialitate a YouTube\" href=\"https:\/\/policies.google.com\/privacy\" target=\"_blank\" rel=\"noopener noreferrer nofollow\">YouTube<\/a><\/td>\n<td class=\"CookieDeclarationTableCell\">Used to track user\u2019s interaction with embedded content.<\/td>\n<td class=\"CookieDeclarationTableCell\">1 zi<\/td>\n<td class=\"CookieDeclarationTableCell\">HTTP Cookie<\/td>\n<\/tr>\n<tr>\n<td class=\"CookieDeclarationTableCell\">VISITOR_INFO1_LIVE<\/td>\n<td class=\"CookieDeclarationTableCell\"><a title=\"Politica de confiden\u021bialitate a YouTube\" href=\"https:\/\/policies.google.com\/privacy\" target=\"_blank\" rel=\"noopener noreferrer nofollow\">YouTube<\/a><\/td>\n<td class=\"CookieDeclarationTableCell\">\u00cen a\u0219teptare<\/td>\n<td class=\"CookieDeclarationTableCell\">180 zile<\/td>\n<td class=\"CookieDeclarationTableCell\">HTTP Cookie<\/td>\n<\/tr>\n<tr>\n<td class=\"CookieDeclarationTableCell\">VISITOR_PRIVACY_METADATA<\/td>\n<td class=\"CookieDeclarationTableCell\"><a title=\"Politica de confiden\u021bialitate a YouTube\" href=\"https:\/\/policies.google.com\/privacy\" target=\"_blank\" rel=\"noopener noreferrer nofollow\">YouTube<\/a><\/td>\n<td class=\"CookieDeclarationTableCell\">\u00cen a\u0219teptare<\/td>\n<td class=\"CookieDeclarationTableCell\">180 zile<\/td>\n<td class=\"CookieDeclarationTableCell\">HTTP Cookie<\/td>\n<\/tr>\n<tr>\n<td class=\"CookieDeclarationTableCell\">YSC<\/td>\n<td class=\"CookieDeclarationTableCell\"><a title=\"Politica de confiden\u021bialitate a YouTube\" href=\"https:\/\/policies.google.com\/privacy\" target=\"_blank\" rel=\"noopener noreferrer nofollow\">YouTube<\/a><\/td>\n<td class=\"CookieDeclarationTableCell\">\u00cen a\u0219teptare<\/td>\n<td class=\"CookieDeclarationTableCell\">Session<\/td>\n<td class=\"CookieDeclarationTableCell\">HTTP Cookie<\/td>\n<\/tr>\n<tr>\n<td class=\"CookieDeclarationTableCell\">yt.innertube::nextId<\/td>\n<td class=\"CookieDeclarationTableCell\"><a title=\"Politica de confiden\u021bialitate a YouTube\" href=\"https:\/\/policies.google.com\/privacy\" target=\"_blank\" rel=\"noopener noreferrer nofollow\">YouTube<\/a><\/td>\n<td class=\"CookieDeclarationTableCell\">Registers a unique ID to keep statistics of what videos from YouTube the user has seen.<\/td>\n<td class=\"CookieDeclarationTableCell\">Persistent<\/td>\n<td class=\"CookieDeclarationTableCell\">HTML Local Storage<\/td>\n<\/tr>\n<tr>\n<td class=\"CookieDeclarationTableCell\">ytidb::LAST_RESULT_ENTRY_KEY<\/td>\n<td class=\"CookieDeclarationTableCell\"><a title=\"Politica de confiden\u021bialitate a YouTube\" href=\"https:\/\/policies.google.com\/privacy\" target=\"_blank\" rel=\"noopener noreferrer nofollow\">YouTube<\/a><\/td>\n<td class=\"CookieDeclarationTableCell\">Used to track user\u2019s interaction with embedded content.<\/td>\n<td class=\"CookieDeclarationTableCell\">Persistent<\/td>\n<td class=\"CookieDeclarationTableCell\">HTML Local Storage<\/td>\n<\/tr>\n<tr>\n<td class=\"CookieDeclarationTableCell\">YtIdbMeta#databases<\/td>\n<td class=\"CookieDeclarationTableCell\"><a title=\"Politica de confiden\u021bialitate a YouTube\" href=\"https:\/\/policies.google.com\/privacy\" target=\"_blank\" rel=\"noopener noreferrer nofollow\">YouTube<\/a><\/td>\n<td class=\"CookieDeclarationTableCell\">Used to track user\u2019s interaction with embedded content.<\/td>\n<td class=\"CookieDeclarationTableCell\">Persistent<\/td>\n<td class=\"CookieDeclarationTableCell\">IndexedDB<\/td>\n<\/tr>\n<tr>\n<td class=\"CookieDeclarationTableCell\">yt-remote-cast-available<\/td>\n<td class=\"CookieDeclarationTableCell\"><a title=\"Politica de confiden\u021bialitate a YouTube\" href=\"https:\/\/policies.google.com\/privacy\" target=\"_blank\" rel=\"noopener noreferrer nofollow\">YouTube<\/a><\/td>\n<td class=\"CookieDeclarationTableCell\">Stores the user&#8217;s video player preferences using embedded YouTube video<\/td>\n<td class=\"CookieDeclarationTableCell\">Session<\/td>\n<td class=\"CookieDeclarationTableCell\">HTML Local Storage<\/td>\n<\/tr>\n<tr>\n<td class=\"CookieDeclarationTableCell\">yt-remote-cast-installed<\/td>\n<td class=\"CookieDeclarationTableCell\"><a title=\"Politica de confiden\u021bialitate a YouTube\" href=\"https:\/\/policies.google.com\/privacy\" target=\"_blank\" rel=\"noopener noreferrer nofollow\">YouTube<\/a><\/td>\n<td class=\"CookieDeclarationTableCell\">Stores the user&#8217;s video player preferences using embedded YouTube video<\/td>\n<td class=\"CookieDeclarationTableCell\">Session<\/td>\n<td class=\"CookieDeclarationTableCell\">HTML Local Storage<\/td>\n<\/tr>\n<tr>\n<td class=\"CookieDeclarationTableCell\">yt-remote-connected-devices<\/td>\n<td class=\"CookieDeclarationTableCell\"><a title=\"Politica de confiden\u021bialitate a YouTube\" href=\"https:\/\/policies.google.com\/privacy\" target=\"_blank\" rel=\"noopener noreferrer nofollow\">YouTube<\/a><\/td>\n<td class=\"CookieDeclarationTableCell\">Stores the user&#8217;s video player preferences using embedded YouTube video<\/td>\n<td class=\"CookieDeclarationTableCell\">Persistent<\/td>\n<td class=\"CookieDeclarationTableCell\">HTML Local Storage<\/td>\n<\/tr>\n<tr>\n<td class=\"CookieDeclarationTableCell\">yt-remote-device-id<\/td>\n<td class=\"CookieDeclarationTableCell\"><a title=\"Politica de confiden\u021bialitate a YouTube\" href=\"https:\/\/policies.google.com\/privacy\" target=\"_blank\" rel=\"noopener noreferrer nofollow\">YouTube<\/a><\/td>\n<td class=\"CookieDeclarationTableCell\">Stores the user&#8217;s video player preferences using embedded YouTube video<\/td>\n<td class=\"CookieDeclarationTableCell\">Persistent<\/td>\n<td class=\"CookieDeclarationTableCell\">HTML Local Storage<\/td>\n<\/tr>\n<tr>\n<td class=\"CookieDeclarationTableCell\">yt-remote-fast-check-period<\/td>\n<td class=\"CookieDeclarationTableCell\"><a title=\"Politica de confiden\u021bialitate a YouTube\" href=\"https:\/\/policies.google.com\/privacy\" target=\"_blank\" rel=\"noopener noreferrer nofollow\">YouTube<\/a><\/td>\n<td class=\"CookieDeclarationTableCell\">Stores the user&#8217;s video player preferences using embedded YouTube video<\/td>\n<td class=\"CookieDeclarationTableCell\">Session<\/td>\n<td class=\"CookieDeclarationTableCell\">HTML Local Storage<\/td>\n<\/tr>\n<tr>\n<td class=\"CookieDeclarationTableCell\">yt-remote-session-app<\/td>\n<td class=\"CookieDeclarationTableCell\"><a title=\"Politica de confiden\u021bialitate a YouTube\" href=\"https:\/\/policies.google.com\/privacy\" target=\"_blank\" rel=\"noopener noreferrer nofollow\">YouTube<\/a><\/td>\n<td class=\"CookieDeclarationTableCell\">Stores the user&#8217;s video player preferences using embedded YouTube video<\/td>\n<td class=\"CookieDeclarationTableCell\">Session<\/td>\n<td class=\"CookieDeclarationTableCell\">HTML Local Storage<\/td>\n<\/tr>\n<tr>\n<td class=\"CookieDeclarationTableCell\">yt-remote-session-name<\/td>\n<td class=\"CookieDeclarationTableCell\"><a title=\"Politica de confiden\u021bialitate a YouTube\" href=\"https:\/\/policies.google.com\/privacy\" target=\"_blank\" rel=\"noopener noreferrer nofollow\">YouTube<\/a><\/td>\n<td class=\"CookieDeclarationTableCell\">Stores the user&#8217;s video player preferences using embedded YouTube video<\/td>\n<td class=\"CookieDeclarationTableCell\">Session<\/td>\n<td class=\"CookieDeclarationTableCell\">HTML Local Storage<\/td>\n<\/tr>\n<\/tbody>\n<\/table>\n<\/div>\n<p>[\/vc_column_text][\/vc_column][\/vc_row]<\/p>\n","protected":false},"excerpt":{"rendered":"<p>[vc_row][vc_column][vc_custom_heading text=&#8221;Politica sui cookie&#8221; font_container=&#8221;tag:h1|text_align:left&#8221; use_theme_fonts=&#8221;yes&#8221;][vc_empty_space][\/vc_column][\/vc_row][vc_row][vc_column][vc_column_text] Questo testo informa gli utenti che il sito utilizza i cookie per personalizzare i contenuti e gli annunci, fornire funzioni di reti sociali e analizzare il traffico. Inoltre, sottolinea che le informazioni possono essere condivise con partner delle reti sociali, pubblicitari e analitici. Il testo evidenzia che, secondo la&hellip;<\/p>\n","protected":false},"author":1,"featured_media":0,"parent":0,"menu_order":0,"comment_status":"closed","ping_status":"closed","template":"","meta":[],"_links":{"self":[{"href":"https:\/\/expertglass.ro\/it\/wp-json\/wp\/v2\/pages\/645"}],"collection":[{"href":"https:\/\/expertglass.ro\/it\/wp-json\/wp\/v2\/pages"}],"about":[{"href":"https:\/\/expertglass.ro\/it\/wp-json\/wp\/v2\/types\/page"}],"author":[{"embeddable":true,"href":"https:\/\/expertglass.ro\/it\/wp-json\/wp\/v2\/users\/1"}],"replies":[{"embeddable":true,"href":"https:\/\/expertglass.ro\/it\/wp-json\/wp\/v2\/comments?post=645"}],"version-history":[{"count":8,"href":"https:\/\/expertglass.ro\/it\/wp-json\/wp\/v2\/pages\/645\/revisions"}],"predecessor-version":[{"id":1517,"href":"https:\/\/expertglass.ro\/it\/wp-json\/wp\/v2\/pages\/645\/revisions\/1517"}],"wp:attachment":[{"href":"https:\/\/expertglass.ro\/it\/wp-json\/wp\/v2\/media?parent=645"}],"curies":[{"name":"wp","href":"https:\/\/api.w.org\/{rel}","templated":true}]}}