{"id":1167,"date":"2023-08-06T20:42:00","date_gmt":"2023-08-06T17:42:00","guid":{"rendered":"https:\/\/expertglass.ro\/it\/?page_id=1167"},"modified":"2023-12-22T16:40:28","modified_gmt":"2023-12-22T15:40:28","slug":"politica-sulla-privacy","status":"publish","type":"page","link":"https:\/\/expertglass.ro\/it\/politica-sulla-privacy\/","title":{"rendered":"Politica sulla privacy"},"content":{"rendered":"<p>[vc_row][vc_column][vc_custom_heading text=&#8221;Politica sulla privacy&#8221; font_container=&#8221;tag:h1|text_align:left&#8221; use_theme_fonts=&#8221;yes&#8221;][vc_empty_space][\/vc_column][\/vc_row][vc_row][vc_column][vc_column_text]<\/p>\n<p style=\"text-align: justify;\"><strong>I. Informazioni generali<\/strong><\/p>\n<p style=\"text-align: justify;\">La privacy dei tuoi dati personali \u00e8 una delle principali preoccupazioni di ARI GLASS EXPERT S.R.L., con sede in Str. Pinului 17C, Curtea de Arge\u0219, Arge\u0219, in qualit\u00e0 di titolare del trattamento.<\/p>\n<p style=\"text-align: justify;\">Questo documento ha lo scopo di informarti sulla gestione dei tuoi dati personali nell&#8217;ambito dell&#8217;utilizzo del sito web www.expertglass.ro (il &#8220;Sito&#8221;).<\/p>\n<p style=\"text-align: justify;\"><strong>II. Categorie di dati personali trattati<\/strong><\/p>\n<p style=\"text-align: justify;\"><strong>II.1.<\/strong> Se sei un cliente del Sito, ARI GLASS EXPERT S.R.L. tratter\u00e0 i tuoi dati personali, come nome, cognome, telefono, indirizzo email, indirizzo di fatturazione, indirizzo di consegna, dati sul modo in cui utilizzi il Sito, ad esempio comportamento\/preferenze\/abitudini all&#8217;interno di ARI GLASS EXPERT S.R.L., e qualsiasi altra categoria di dati forniti direttamente durante la creazione dell&#8217;account utente, l&#8217;ordine tramite il sito o in qualsiasi altro modo derivante dall&#8217;uso del Sito.<\/p>\n<p style=\"text-align: justify;\">Se utilizzi il tuo account Facebook o Google per creare un account utente sul Sito, ARI GLASS EXPERT S.R.L. tratter\u00e0 i seguenti dati pubblici del profilo visualizzati dalle rispettive applicazioni: nome utente, indirizzo email.<\/p>\n<p style=\"text-align: justify;\">Se scegli di creare un account utente solo prima di completare l&#8217;ordine di un prodotto disponibile sul Sito, verr\u00e0 richiesto il tuo indirizzo email, che verr\u00e0 utilizzato per creare automaticamente un account. Se non completi l&#8217;ordine, l&#8217;indirizzo email e gli altri dati forniti non verranno memorizzati da ARI GLASS EXPERT S.R.L., e l&#8217;account creato verr\u00e0 cancellato automaticamente.<\/p>\n<p style=\"text-align: justify;\"><strong>II.2.<\/strong> Se sei un visitatore del Sito, ARI GLASS EXPERT S.R.L. tratter\u00e0 i tuoi dati personali forniti direttamente durante l&#8217;uso del Sito, come quelli inseriti nella sezione di contatto\/domande\/reclami, nella misura in cui ci contatti in questo modo.<\/p>\n<p style=\"text-align: justify;\"><strong>III. Scopi e basi del trattamento<\/strong><\/p>\n<p style=\"text-align: justify;\"><strong>III.1.<\/strong> Se sei un cliente del Sito, ARI GLASS EXPERT S.R.L. elaborer\u00e0 i tuoi dati personali come segue:<\/p>\n<ul style=\"text-align: justify;\">\n<li style=\"text-align: justify;\">per svolgere la relazione contrattuale tra te e ARI GLASS EXPERT S.R.L., inclusi l&#8217;acquisizione, la convalida, la spedizione e la fatturazione dell&#8217;ordine effettuato sul Sito, l&#8217;informazione sullo stato dell&#8217;ordine, l&#8217;organizzazione del reso dei prodotti ordinati, ecc. Il fornimento dei tuoi dati personali \u00e8 necessario per l&#8217;esecuzione di questo contratto. Il rifiuto di fornire i dati pu\u00f2 comportare l&#8217;impossibilit\u00e0 di svolgere le relazioni contrattuali tra te e ARI GLASS EXPERT S.R.L.<\/li>\n<\/ul>\n<p style=\"text-align: justify;\">Il trattamento dei tuoi dati a tale scopo si basa sul contratto stipulato tra te e ARI GLASS EXPERT S.R.L. Il fornimento dei tuoi dati personali \u00e8 necessario per l&#8217;esecuzione di questo contratto. Il rifiuto di fornire i dati pu\u00f2 comportare l&#8217;impossibilit\u00e0 di svolgere le relazioni contrattuali tra te e ARI GLASS EXPERT S.R.L.<\/p>\n<ul style=\"text-align: justify;\">\n<li>per adempiere agli obblighi legali di ARI GLASS EXPERT S.R.L. nel contesto dei servizi resi attraverso il Sito, compresi gli obblighi fiscali e di archiviazione.<\/li>\n<\/ul>\n<p style=\"text-align: justify;\">Il trattamento dei tuoi dati per questo scopo \u00e8 necessario sulla base di obblighi legali. Il fornimento dei tuoi dati per questo scopo \u00e8 necessario. Il rifiuto di fornire i dati pu\u00f2 comportare l&#8217;impossibilit\u00e0 per ARI GLASS EXPERT S.R.L. di adempiere agli obblighi legali e quindi l&#8217;impossibilit\u00e0 di fornire i servizi attraverso il Sito.<\/p>\n<ul style=\"text-align: justify;\">\n<li style=\"text-align: justify;\">per attivit\u00e0 di marketing, ovvero per la trasmissione, tramite mezzi di comunicazione a distanza (email, sms), di comunicazioni commerciali sui prodotti e servizi offerti da ARI GLASS EXPERT S.R.L. attraverso il Sito.<\/li>\n<\/ul>\n<p style=\"text-align: justify;\">Il trattamento dei tuoi dati per questo scopo si basa sul tuo consenso, se scegli di fornirlo.<\/p>\n<p style=\"text-align: justify;\">Puoi esprimere il tuo consenso al trattamento dei dati per questo scopo spuntando la casella corrispondente al momento della creazione dell&#8217;account o successivamente, nella sezione Le mie informazioni dell&#8217;account. Per rinunciare alla ricezione di tali comunicazioni commerciali, puoi utilizzare l&#8217;opzione alla fine di ogni email\/sms contenente comunicazioni commerciali. Inoltre, puoi rinunciare accedendo alla sezione Le mie informazioni dell&#8217;account.<\/p>\n<p style=\"text-align: justify;\"><strong>Il fornimento dei tuoi dati per questo scopo \u00e8 volontario.<\/strong> Il rifiuto di fornire il consenso per il trattamento dei tuoi dati per questo scopo non avr\u00e0 conseguenze negative per te.<\/p>\n<ul style=\"text-align: justify;\">\n<li style=\"text-align: justify;\">per condurre diverse analisi, report sul funzionamento del Sito, creare profili di preferenze di consumo, principalmente per migliorare l&#8217;esperienza offerta sul Sito.<\/li>\n<\/ul>\n<p style=\"text-align: justify;\">Base giuridica: Il trattamento dei tuoi dati per questo scopo si basa sull&#8217;interesse legittimo di ARI GLASS EXPERT S.R.L. a migliorare continuamente l&#8217;esperienza dei clienti sul Sito. Il fornimento dei tuoi dati per questo scopo \u00e8 volontario. Il rifiuto di fornire i dati per questo scopo non avr\u00e0 conseguenze negative per te.<\/p>\n<p style=\"text-align: justify;\"><strong>III.2.<\/strong> Se sei un visitatore del Sito, ARI GLASS EXPERT S.R.L. tratter\u00e0 i tuoi dati personali come segue:<\/p>\n<ul style=\"text-align: justify;\">\n<li style=\"text-align: justify;\">per attivit\u00e0 di marketing, ovvero per la trasmissione, tramite mezzi di comunicazione a distanza (email, sms), di comunicazioni commerciali sui prodotti e servizi offerti da ARI GLASS EXPERT S.R.L. attraverso il Sito.<\/li>\n<\/ul>\n<p>Il trattamento dei tuoi dati per questo scopo si basa sul tuo consenso, se scegli di fornirlo.<\/p>\n<p style=\"text-align: justify;\">Puoi esprimere il tuo consenso al trattamento dei dati per questo scopo completando e spuntando la casella corrispondente nel modulo di iscrizione alla newsletter disponibile sul Sito. Per rinunciare alla ricezione di tali comunicazioni commerciali, puoi utilizzare l&#8217;opzione alla fine di ogni email\/sms contenente comunicazioni commerciali.<\/p>\n<p style=\"text-align: justify;\">Il fornire i tuoi dati per questo scopo \u00e8 volontario. Il rifiuto di fornire il consenso per il trattamento dei tuoi dati per questo scopo non avr\u00e0 conseguenze negative per te.<\/p>\n<ul style=\"text-align: justify;\">\n<li style=\"text-align: justify;\">per gestire reclami e lamentele e monitorare il traffico per migliorare la tua esperienza sul Sito.<\/li>\n<\/ul>\n<p style=\"text-align: justify;\">Il trattamento dei tuoi dati per questo scopo si basa sull&#8217;interesse legittimo di ARI GLASS EXPERT S.R.L. a garantire il corretto funzionamento del Sito e a migliorare continuamente l&#8217;esperienza dei visitatori del Sito, incluso il trattamento di commenti, domande o reclami.<\/p>\n<p style=\"text-align: justify;\">Il fornire i tuoi dati per questo scopo \u00e8 volontario. Il rifiuto di fornire i dati per questo scopo non avr\u00e0 conseguenze negative per te.<\/p>\n<p style=\"text-align: justify;\"><strong>IV. Durata per cui elaboriamo i tuoi dati<\/strong><\/p>\n<p style=\"text-align: justify;\">Come principio generale, ARI GLASS EXPERT S.R.L. elaborer\u00e0 i tuoi dati personali solo per il tempo necessario per raggiungere gli scopi di elaborazione sopra menzionati.<\/p>\n<p style=\"text-align: justify;\">Nel caso in cui tu sia un cliente, elaboreremo i tuoi dati per l&#8217;intera durata dei rapporti contrattuali e successivamente, conformemente agli obblighi legali a carico di ARI GLASS EXPERT S.R.L. (ad esempio, per documenti giustificativi finanziario-contabili, il cui termine di conservazione previsto dalla legge \u00e8 di 10 anni dalla fine dell&#8217;esercizio finanziario in cui sono stati redatti).<\/p>\n<p style=\"text-align: justify;\">Nel caso in cui tu sia un cliente e eserciti l&#8217;opzione di eliminare il tuo account utente, cliccando sul pulsante &#8220;Elimina account&#8221; nella sezione &#8220;Le mie informazioni dell&#8217;account&#8221;, ARI GLASS EXPERT S.R.L. interpreter\u00e0 questa azione come la tua scelta di disiscrizione dalla ricezione di comunicazioni commerciali che ti tengono informato sui prodotti e servizi offerti tramite il sito. In questo senso, se scegli di eliminare il tuo account utente, non ti invieremo pi\u00f9 email e\/o sms di questo tipo. Tuttavia, desideriamo informarti che l&#8217;eliminazione dell&#8217;account non comporter\u00e0 automaticamente l&#8217;eliminazione dei tuoi dati personali. Nel caso desiderassi che i tuoi dati personali non siano pi\u00f9 elaborati o desiderassi la loro eliminazione, puoi esercitare i tuoi diritti dettagliati al punto <strong>VII<\/strong> qui sotto. Nel caso in cui richiedi l&#8217;eliminazione dell&#8217;account, ma su quell&#8217;account ci sia almeno un ordine attivo, la richiesta di eliminazione dell&#8217;account potr\u00e0 essere registrata solo dopo la consegna dei prodotti e il completamento dell&#8217;ultimo ordine attivo.<\/p>\n<p style=\"text-align: justify;\">Se ritiri il tuo consenso al trattamento dei dati a fini di marketing, ARI GLASS EXPERT S.R.L. cesser\u00e0 di elaborare i tuoi dati personali per questo scopo, senza tuttavia influenzare i trattamenti effettuati da ARI GLASS EXPERT S.R.L. sulla base del consenso espresso da te prima del suo ritiro.<\/p>\n<p style=\"text-align: justify;\"><strong>V. Divulgazione dei dati personali<\/strong><\/p>\n<p style=\"text-align: justify;\">Per raggiungere gli scopi di elaborazione, ARI GLASS EXPERT S.R.L. potrebbe divulgare i tuoi dati a partner, terze persone o entit\u00e0 che supportano ARI GLASS EXPERT S.R.L. nell&#8217;esercizio delle attivit\u00e0 attraverso il Sito (ad esempio, aziende di corrieri, fornitori di servizi IT) o alle autorit\u00e0 pubbliche centrali\/locali, nei seguenti casi esemplificativi:<\/p>\n<ul style=\"text-align: justify;\">\n<li style=\"text-align: justify;\">per la gestione del Sito;<\/li>\n<li style=\"text-align: justify;\">nei casi in cui tale comunicazione sia necessaria per l&#8217;assegnazione di premi o altre agevolazioni alle persone interessate, ottenute a seguito della loro partecipazione a varie campagne promozionali organizzate da ARI GLASS EXPERT S.R.L. tramite il Sito;<\/li>\n<li style=\"text-align: justify;\">per mantenere, personalizzare e migliorare il Sito e i servizi offerti attraverso di esso;<\/li>\n<li style=\"text-align: justify;\">per condurre analisi dati, test e ricerche, monitorare le tendenze di utilizzo e l&#8217;attivit\u00e0, sviluppare funzionalit\u00e0 di sicurezza e autenticazione degli utenti;<\/li>\n<li style=\"text-align: justify;\">per la trasmissione di comunicazioni commerciali di marketing, nei limiti e secondo le disposizioni di legge;<\/li>\n<li style=\"text-align: justify;\">quando la divulgazione di dati personali \u00e8 prevista dalla legge, ecc.<\/li>\n<\/ul>\n<p style=\"text-align: justify;\"><strong>VI. Trasferimento dei dati personali<\/strong><\/p>\n<p style=\"text-align: justify;\">I dati personali forniti ad ARI GLASS EXPERT S.R.L. possono essere trasferiti al di fuori della Romania, ma solo verso stati dell&#8217;Unione Europea.<\/p>\n<p style=\"text-align: justify;\"><strong>VII. Diritti di cui beneficite<\/strong><\/p>\n<p style=\"text-align: justify;\">Nelle condizioni previste dalla normativa sulla protezione dei dati personali, in quanto soggetti interessati, avete i seguenti diritti:<\/p>\n<ul style=\"text-align: justify;\">\n<li style=\"text-align: justify;\">diritto all&#8217;informazione, ovvero il diritto di ricevere dettagli sulle attivit\u00e0 di elaborazione effettuate da ARI GLASS EXPERT S.R.L., come descritto nel presente documento;<\/li>\n<li style=\"text-align: justify;\">diritto di accesso ai dati, ovvero il diritto di ottenere conferma da parte di ARI GLASS EXPERT S.R.L. riguardo all&#8217;elaborazione dei dati personali, nonch\u00e9 dettagli sulle attivit\u00e0 di elaborazione come il modo in cui vengono elaborati i dati, lo scopo dell&#8217;elaborazione, i destinatari o le categorie di destinatari dei dati, ecc;<\/li>\n<li style=\"text-align: justify;\">diritto di rettifica, ovvero il diritto di ottenere la correzione, senza giustificato ritardo, da parte di ARI GLASS EXPERT S.R.L. dei dati personali inesatti\/indebiti, nonch\u00e9 l&#8217;integrazione dei dati incompleti; la correzione\/integrazione sar\u00e0 comunicata a ciascun destinatario a cui sono stati trasmessi i dati, salvo che ci\u00f2 si riveli impossibile o comporti sforzi sproporzionati.<\/li>\n<li style=\"text-align: justify;\">diritto alla cancellazione dei dati, senza giustificato ritardo (&#8220;diritto all&#8217;oblio&#8221;), nel caso in cui si applichi una delle seguenti ragioni:<\/li>\n<\/ul>\n<ol style=\"text-align: justify;\">\n<li>non sono pi\u00f9 necessari per gli scopi per cui sono stati raccolti o elaborati;<\/li>\n<li>in caso di revoca del consenso e non ci sia alcun altro fondamento giuridico per l&#8217;elaborazione;<\/li>\n<li>in caso di opposizione all&#8217;elaborazione e non ci siano motivi legittimi prevalenti;<\/li>\n<li>in caso di trattamento illecito dei dati personali;<\/li>\n<li>se i dati personali devono essere cancellati per ottemperare a un obbligo legale;<\/li>\n<li>i dati personali sono stati raccolti in relazione all&#8217;offerta di servizi della societ\u00e0 dell&#8217;informazione secondo il diritto dell&#8217;Unione o il diritto nazionale applicabile all&#8217;operatore.<\/li>\n<\/ol>\n<p style=\"text-align: justify;\">\u00c8 possibile che, a seguito della richiesta di cancellazione dei dati, ARI GLASS EXPERT S.R.L. anonimizzi tali dati (privandoli cos\u00ec del carattere personale) e continui a elaborarli in queste condizioni per scopi statistici.<\/p>\n<ul style=\"text-align: justify;\">\n<li style=\"text-align: justify;\">Il diritto alla limitazione del trattamento nella misura in cui:<\/li>\n<\/ul>\n<ol style=\"text-align: justify;\">\n<li>la persona contesta l&#8217;accuratezza dei dati, per un periodo che consente di verificare l&#8217;esattezza dei dati;<\/li>\n<li>il trattamento \u00e8 illecito e la persona interessata si oppone alla cancellazione dei dati personali, richiedendo invece la limitazione del loro utilizzo;<\/li>\n<li>l&#8217;operatore non ha pi\u00f9 bisogno dei dati personali per le finalit\u00e0 del trattamento, ma la persona interessata li richiede per l&#8217;accertamento, l&#8217;esercizio o la difesa di un diritto in sede giudiziaria;<\/li>\n<li>la persona interessata si oppone al trattamento (diverso da quello a scopi di marketing diretto), per il periodo di verifica in cui si valuta se i legittimi interessi dell&#8217;operatore prevalgono su quelli della persona interessata.<\/li>\n<\/ol>\n<ul style=\"text-align: justify;\">\n<li>Il diritto alla portabilit\u00e0 dei dati, ossia (i) il diritto di ricevere i dati personali in un formato strutturato, comunemente utilizzato e leggibile da dispositivi automatici, e (ii) il diritto che questi dati siano trasmessi da ARI GLASS EXPERT S.R.L. a un altro titolare dei dati, nella misura in cui sono soddisfatte le condizioni di legge;<\/li>\n<li>Il diritto di opposizione \u2013 per quanto riguarda le attivit\u00e0 di trattamento pu\u00f2 essere esercitato tramite l&#8217;invio di una richiesta come indicato di seguito:<\/li>\n<\/ul>\n<ol style=\"text-align: justify;\">\n<li>in qualsiasi momento, per motivi connessi alla situazione particolare in cui si trova la persona interessata, affinch\u00e9 i dati che la riguardano siano trattati in base all&#8217;interesse legittimo di ARI GLASS EXPERT S.R.L. o all&#8217;interesse pubblico, a meno che ARI GLASS EXPERT S.R.L. dimostri di avere motivi legittimi e imperiosi che giustificano il trattamento e che prevalgono sugli interessi, i diritti e le libert\u00e0 della persona interessata, oppure che lo scopo \u00e8 l&#8217;accertamento, l&#8217;esercizio o la difesa di un diritto in sede giudiziaria;<\/li>\n<li>in qualsiasi momento, gratuitamente e senza alcuna giustificazione, affinch\u00e9 i dati che la riguardano siano trattati a fini di marketing diretto.<\/li>\n<\/ol>\n<ul style=\"text-align: justify;\">\n<li>Il diritto di non essere soggetto a decisioni individuali automatizzate, ossia il diritto di non essere oggetto di una decisione basata esclusivamente su attivit\u00e0 di trattamento automatizzate, compresa la creazione di profili, che produce effetti giuridici che riguardano la persona interessata o la colpiscono in modo significativo;<\/li>\n<li>Il diritto di rivolgersi all&#8217;Autorit\u00e0 Nazionale di Supervisione della Protezione dei Dati Personali o alle autorit\u00e0 competenti, nella misura in cui lo si ritenga necessario.<\/li>\n<\/ul>\n<p style=\"text-align: justify;\">Per ulteriori domande sul modo in cui vengono trattati i dati personali e per esercitare i diritti sopra menzionati, vi preghiamo di rivolgervi all&#8217;indirizzo email: <a href=\"mailto:office@expertglass.ro\">office@expertglass.ro<\/a>.<br \/>\nQuesto sito web utilizza i cookie. Per ulteriori informazioni su come vengono utilizzati questi file, si prega di consultare il seguente link: <a href=\"https:\/\/expertglass.ro\/it\/politica-sui-cookie\/\">https:\/\/expertglass.ro\/it\/politica-sui-cookie\/<\/a><\/p>\n<p>[\/vc_column_text][\/vc_column][\/vc_row]<\/p>\n","protected":false},"excerpt":{"rendered":"<p>[vc_row][vc_column][vc_custom_heading text=&#8221;Politica sulla privacy&#8221; font_container=&#8221;tag:h1|text_align:left&#8221; use_theme_fonts=&#8221;yes&#8221;][vc_empty_space][\/vc_column][\/vc_row][vc_row][vc_column][vc_column_text] I. Informazioni generali La privacy dei tuoi dati personali \u00e8 una delle principali preoccupazioni di ARI GLASS EXPERT S.R.L., con sede in Str. Pinului 17C, Curtea de Arge\u0219, Arge\u0219, in qualit\u00e0 di titolare del trattamento. Questo documento ha lo scopo di informarti sulla gestione dei tuoi dati personali nell&#8217;ambito&hellip;<\/p>\n","protected":false},"author":1,"featured_media":0,"parent":0,"menu_order":0,"comment_status":"closed","ping_status":"closed","template":"","meta":[],"_links":{"self":[{"href":"https:\/\/expertglass.ro\/it\/wp-json\/wp\/v2\/pages\/1167"}],"collection":[{"href":"https:\/\/expertglass.ro\/it\/wp-json\/wp\/v2\/pages"}],"about":[{"href":"https:\/\/expertglass.ro\/it\/wp-json\/wp\/v2\/types\/page"}],"author":[{"embeddable":true,"href":"https:\/\/expertglass.ro\/it\/wp-json\/wp\/v2\/users\/1"}],"replies":[{"embeddable":true,"href":"https:\/\/expertglass.ro\/it\/wp-json\/wp\/v2\/comments?post=1167"}],"version-history":[{"count":4,"href":"https:\/\/expertglass.ro\/it\/wp-json\/wp\/v2\/pages\/1167\/revisions"}],"predecessor-version":[{"id":1480,"href":"https:\/\/expertglass.ro\/it\/wp-json\/wp\/v2\/pages\/1167\/revisions\/1480"}],"wp:attachment":[{"href":"https:\/\/expertglass.ro\/it\/wp-json\/wp\/v2\/media?parent=1167"}],"curies":[{"name":"wp","href":"https:\/\/api.w.org\/{rel}","templated":true}]}}